{"id":29434,"date":"2024-10-25T15:15:07","date_gmt":"2024-10-25T13:15:07","guid":{"rendered":"https:\/\/www.ledomainedelatour.eu\/bourgogne-aligote\/"},"modified":"2024-11-05T09:03:12","modified_gmt":"2024-11-05T08:03:12","slug":"bourgogne-aligote","status":"publish","type":"page","link":"https:\/\/www.ledomainedelatour.eu\/en\/bourgogne-aligote\/","title":{"rendered":"Bourgogne Aligot\u00e9"},"content":{"rendered":"\t\t<div data-elementor-type=\"wp-page\" data-elementor-id=\"29434\" class=\"elementor elementor-29434 elementor-29157\">\n\t\t\t\t\t\t<section class=\"elementor-section elementor-top-section elementor-element elementor-element-d8233be elementor-section-content-middle elementor-section-boxed elementor-section-height-default elementor-section-height-default\" data-id=\"d8233be\" data-element_type=\"section\" data-e-type=\"section\">\n\t\t\t\t\t\t<div class=\"elementor-container elementor-column-gap-no\">\n\t\t\t\t\t<div class=\"elementor-column elementor-col-50 elementor-top-column elementor-element elementor-element-2ac3437\" data-id=\"2ac3437\" data-element_type=\"column\" data-e-type=\"column\">\n\t\t\t<div class=\"elementor-widget-wrap elementor-element-populated\">\n\t\t\t\t\t\t<div class=\"elementor-element elementor-element-027729f pt-animation-medium-offset elementor-invisible elementor-widget elementor-widget-image\" data-id=\"027729f\" data-element_type=\"widget\" data-e-type=\"widget\" data-settings=\"{&quot;_animation&quot;:&quot;fadeInUp&quot;,&quot;_animation_delay&quot;:400}\" data-widget_type=\"image.default\">\n\t\t\t\t<div class=\"elementor-widget-container\">\n\t\t\t\t\t\t\t\t\t\t\t\t\t\t\t<img fetchpriority=\"high\" decoding=\"async\" width=\"450\" height=\"800\" src=\"https:\/\/www.ledomainedelatour.eu\/wp-content\/uploads\/2024\/10\/01-Bourgogne-Aligote-2018-rotated-e1603350488832.jpg\" class=\"attachment-patiotime_550x9999 size-patiotime_550x9999 wp-image-29418\" alt=\"\" srcset=\"https:\/\/www.ledomainedelatour.eu\/wp-content\/uploads\/2024\/10\/01-Bourgogne-Aligote-2018-rotated-e1603350488832.jpg 450w, https:\/\/www.ledomainedelatour.eu\/wp-content\/uploads\/2024\/10\/01-Bourgogne-Aligote-2018-rotated-e1603350488832-300x533.jpg 300w, https:\/\/www.ledomainedelatour.eu\/wp-content\/uploads\/2024\/10\/01-Bourgogne-Aligote-2018-rotated-e1603350488832-84x150.jpg 84w, https:\/\/www.ledomainedelatour.eu\/wp-content\/uploads\/2024\/10\/01-Bourgogne-Aligote-2018-rotated-e1603350488832-169x300.jpg 169w, https:\/\/www.ledomainedelatour.eu\/wp-content\/uploads\/2024\/10\/01-Bourgogne-Aligote-2018-rotated-e1603350488832-370x658.jpg 370w, https:\/\/www.ledomainedelatour.eu\/wp-content\/uploads\/2024\/10\/01-Bourgogne-Aligote-2018-rotated-e1603350488832-255x453.jpg 255w\" sizes=\"(max-width: 450px) 100vw, 450px\" \/>\t\t\t\t\t\t\t\t\t\t\t\t\t\t\t<\/div>\n\t\t\t\t<\/div>\n\t\t\t\t\t<\/div>\n\t\t<\/div>\n\t\t\t\t<div class=\"elementor-column elementor-col-50 elementor-top-column elementor-element elementor-element-67ac352\" data-id=\"67ac352\" data-element_type=\"column\" data-e-type=\"column\">\n\t\t\t<div class=\"elementor-widget-wrap elementor-element-populated\">\n\t\t\t\t\t\t<div class=\"elementor-element elementor-element-0bc8c1e elementor-widget elementor-widget-pt_title\" data-id=\"0bc8c1e\" data-element_type=\"widget\" data-e-type=\"widget\" data-widget_type=\"pt_title.default\">\n\t\t\t\t<div class=\"elementor-widget-container\">\n\t\t\t\t\t\n        <div class=\"pt-title-wrap\">\t            <div class=\"pt-subtitle-wrap\"><span class=\"pt-subtitle\">Domaine de la Tour wine<\/span><\/div>\t            <h3 class=\"pt-title\">\n\t                BOURGOGNE ALIGOT\u00c9\t            <\/h3>\t            <div class=\"pt-title-text\">\n\t                <h3>PRODUCTION<\/h3>\n<p><strong>Village<\/strong>: Chitry<br \/><strong>Grape variety<\/strong>: Aligot\u00e9<br \/><strong>Situation \/ soil type<\/strong>: Marly limestones dating from the Kimmeridgian.<br \/>\n<strong>Productive area<\/strong>: 1.39 ha<\/p>\n<h3>VINIFICATION<\/h3>\n<p> 100% in temperature-controlled vats<br \/> Alcoholic fermentation with selected yeasts.<br \/> Malolactic fermentation.<br \/> Vat-ageing<br \/> Cold treatment for tartaric precipitation.<\/p>\n<h3>SERVING SUGGESTIONS<\/h3>\n<p> Ideal drinking temperature 12\u00b0-13\u00b0C.<br \/> Excellent for drinking when young.<br \/> Enjoy as an aperitif or with grilled fish. Ideal with for making Kir (aligot\u00e9 and cr\u00e8me de cassis).<\/p>\n<h3>OENOLOGIST\u2019S TASTING NOTES<\/h3>\n<p><strong>Eye:<\/strong> very fine pale yellow with silvery highlights.<br \/>\n<strong>Nose<\/strong>: straightforward first impression, with plant nuances typical of the Aligot\u00e9 and perfectly expressive of its terroir.<br \/>\n<strong>Taste<\/strong>: fresh attach, with elegance backed by floral and mineral notes. Highly-bred finish.<br \/><strong>Comment<\/strong>: a wine which has kept all the original freshness of the Yonne wines.  <\/p>\n<p><em>No chemical products or fertilizers are used in our soils.<\/em><\/p>\n\t            <\/div>        <\/div>\t\t\t\t<\/div>\n\t\t\t\t<\/div>\n\t\t\t\t\t<\/div>\n\t\t<\/div>\n\t\t\t\t\t<\/div>\n\t\t<\/section>\n\t\t\t\t<\/div>\n\t\t","protected":false},"excerpt":{"rendered":"<p>Domaine de la Tour wine BOURGOGNE ALIGOT\u00c9 PRODUCTION Village: ChitryGrape variety: Aligot\u00e9Situation \/ soil type: Marly limestones dating from the Kimmeridgian. Productive area: 1.39 ha VINIFICATION 100% in temperature-controlled vats Alcoholic fermentation with selected yeasts. Malolactic fermentation. Vat-ageing Cold treatment for tartaric precipitation. SERVING SUGGESTIONS Ideal drinking temperature 12\u00b0-13\u00b0C. Excellent for drinking when young. Enjoy &#8230;<\/p>\n","protected":false},"author":1,"featured_media":0,"parent":0,"menu_order":0,"comment_status":"closed","ping_status":"closed","template":"template-wide-content.php","meta":{"patiotime_single_page_hide_site_header":"","patiotime_single_page_site_header_source":"","patiotime_single_page_custom_site_header":"0","patiotime_single_page_custom_sticky_site_header":"0","patiotime_single_page_custom_page_title_margin_top_source":"","patiotime_single_page_custom_page_title_desktop_margin_top":"","patiotime_single_page_custom_page_title_tablet_margin_top":"","patiotime_single_page_custom_page_title_mobile_margin_top":"","patiotime_single_page_hide_page_title":"on","patiotime_single_page_header_section_size":"","patiotime_single_page_header_background_color":"","patiotime_single_page_header_background_position_x":"center","patiotime_single_page_header_background_position_y":"center","patiotime_single_page_header_background_size":"cover","patiotime_single_page_header_background_repeat":"off","patiotime_single_page_header_background_scroll":"on","patiotime_single_page_header_text_color":"","patiotime_single_page_header_show_breadcrumb":"","patiotime_single_page_site_footer_hide_main":"","patiotime_single_custom_site_footer_main_source":"","patiotime_single_custom_site_footer_main":"0","patiotime_single_page_site_footer_hide_above":"","patiotime_single_custom_site_footer_above_source":"","patiotime_single_custom_site_footer_above":"0","patiotime_single_page_site_footer_hide_instagram":"","patiotime_single_page_site_footer_hide_bottom":"","patiotime_single_custom_mobile_menu_source":"","patiotime_single_custom_mobile_menu":"0","patiotime_single_custom_mobile_menu_animation":"","patiotime_single_custom_mobile_menu_width":"","patiotime_single_custom_mobile_menu_custom_width":375,"footnotes":""},"class_list":["post-29434","page","type-page","status-publish","hentry"],"yoast_head":"<!-- This site is optimized with the Yoast SEO plugin v27.4 - https:\/\/yoast.com\/product\/yoast-seo-wordpress\/ -->\n<title>Bourgogne Aligot\u00e9 - Le Domaine de la Tour<\/title>\n<meta name=\"robots\" content=\"index, follow, max-snippet:-1, max-image-preview:large, max-video-preview:-1\" \/>\n<link rel=\"canonical\" href=\"https:\/\/www.ledomainedelatour.eu\/en\/bourgogne-aligote\/\" \/>\n<meta property=\"og:locale\" content=\"en_US\" \/>\n<meta property=\"og:type\" content=\"article\" \/>\n<meta property=\"og:title\" content=\"Bourgogne Aligot\u00e9 - Le Domaine de la Tour\" \/>\n<meta property=\"og:description\" content=\"Domaine de la Tour wine BOURGOGNE ALIGOT\u00c9 PRODUCTION Village: ChitryGrape variety: Aligot\u00e9Situation \/ soil type: Marly limestones dating from the Kimmeridgian. Productive area: 1.39 ha VINIFICATION 100% in temperature-controlled vats Alcoholic fermentation with selected yeasts. Malolactic fermentation. Vat-ageing Cold treatment for tartaric precipitation. SERVING SUGGESTIONS Ideal drinking temperature 12\u00b0-13\u00b0C. Excellent for drinking when young. Enjoy ...\" \/>\n<meta property=\"og:url\" content=\"https:\/\/www.ledomainedelatour.eu\/en\/bourgogne-aligote\/\" \/>\n<meta property=\"og:site_name\" content=\"Le Domaine de la Tour\" \/>\n<meta property=\"article:modified_time\" content=\"2024-11-05T08:03:12+00:00\" \/>\n<meta property=\"og:image\" content=\"https:\/\/www.ledomainedelatour.eu\/wp-content\/uploads\/2024\/10\/01-Bourgogne-Aligote-2018-rotated-e1603350488832.jpg\" \/>\n\t<meta property=\"og:image:width\" content=\"450\" \/>\n\t<meta property=\"og:image:height\" content=\"800\" \/>\n\t<meta property=\"og:image:type\" content=\"image\/jpeg\" \/>\n<meta name=\"twitter:card\" content=\"summary_large_image\" \/>\n<meta name=\"twitter:label1\" content=\"Est. reading time\" \/>\n\t<meta name=\"twitter:data1\" content=\"1 minute\" \/>\n<script type=\"application\/ld+json\" class=\"yoast-schema-graph\">{\"@context\":\"https:\\\/\\\/schema.org\",\"@graph\":[{\"@type\":\"WebPage\",\"@id\":\"https:\\\/\\\/www.ledomainedelatour.eu\\\/en\\\/bourgogne-aligote\\\/\",\"url\":\"https:\\\/\\\/www.ledomainedelatour.eu\\\/en\\\/bourgogne-aligote\\\/\",\"name\":\"Bourgogne Aligot\u00e9 - Le Domaine de la Tour\",\"isPartOf\":{\"@id\":\"https:\\\/\\\/www.ledomainedelatour.eu\\\/en\\\/#website\"},\"primaryImageOfPage\":{\"@id\":\"https:\\\/\\\/www.ledomainedelatour.eu\\\/en\\\/bourgogne-aligote\\\/#primaryimage\"},\"image\":{\"@id\":\"https:\\\/\\\/www.ledomainedelatour.eu\\\/en\\\/bourgogne-aligote\\\/#primaryimage\"},\"thumbnailUrl\":\"https:\\\/\\\/www.ledomainedelatour.eu\\\/wp-content\\\/uploads\\\/2024\\\/10\\\/01-Bourgogne-Aligote-2018-rotated-e1603350488832.jpg\",\"datePublished\":\"2024-10-25T13:15:07+00:00\",\"dateModified\":\"2024-11-05T08:03:12+00:00\",\"breadcrumb\":{\"@id\":\"https:\\\/\\\/www.ledomainedelatour.eu\\\/en\\\/bourgogne-aligote\\\/#breadcrumb\"},\"inLanguage\":\"en-US\",\"potentialAction\":[{\"@type\":\"ReadAction\",\"target\":[\"https:\\\/\\\/www.ledomainedelatour.eu\\\/en\\\/bourgogne-aligote\\\/\"]}]},{\"@type\":\"ImageObject\",\"inLanguage\":\"en-US\",\"@id\":\"https:\\\/\\\/www.ledomainedelatour.eu\\\/en\\\/bourgogne-aligote\\\/#primaryimage\",\"url\":\"https:\\\/\\\/www.ledomainedelatour.eu\\\/wp-content\\\/uploads\\\/2024\\\/10\\\/01-Bourgogne-Aligote-2018-rotated-e1603350488832.jpg\",\"contentUrl\":\"https:\\\/\\\/www.ledomainedelatour.eu\\\/wp-content\\\/uploads\\\/2024\\\/10\\\/01-Bourgogne-Aligote-2018-rotated-e1603350488832.jpg\"},{\"@type\":\"BreadcrumbList\",\"@id\":\"https:\\\/\\\/www.ledomainedelatour.eu\\\/en\\\/bourgogne-aligote\\\/#breadcrumb\",\"itemListElement\":[{\"@type\":\"ListItem\",\"position\":1,\"name\":\"Accueil\",\"item\":\"https:\\\/\\\/www.ledomainedelatour.eu\\\/en\\\/\"},{\"@type\":\"ListItem\",\"position\":2,\"name\":\"Bourgogne Aligot\u00e9\"}]},{\"@type\":\"WebSite\",\"@id\":\"https:\\\/\\\/www.ledomainedelatour.eu\\\/en\\\/#website\",\"url\":\"https:\\\/\\\/www.ledomainedelatour.eu\\\/en\\\/\",\"name\":\"Le Domaine de la Tour | Grands vins de Chablis\",\"description\":\"Grands Vins de Chablis\",\"publisher\":{\"@id\":\"https:\\\/\\\/www.ledomainedelatour.eu\\\/en\\\/#organization\"},\"potentialAction\":[{\"@type\":\"SearchAction\",\"target\":{\"@type\":\"EntryPoint\",\"urlTemplate\":\"https:\\\/\\\/www.ledomainedelatour.eu\\\/en\\\/?s={search_term_string}\"},\"query-input\":{\"@type\":\"PropertyValueSpecification\",\"valueRequired\":true,\"valueName\":\"search_term_string\"}}],\"inLanguage\":\"en-US\"},{\"@type\":\"Organization\",\"@id\":\"https:\\\/\\\/www.ledomainedelatour.eu\\\/en\\\/#organization\",\"name\":\"Le Domaine de la Tour\",\"url\":\"https:\\\/\\\/www.ledomainedelatour.eu\\\/en\\\/\",\"logo\":{\"@type\":\"ImageObject\",\"inLanguage\":\"en-US\",\"@id\":\"https:\\\/\\\/www.ledomainedelatour.eu\\\/en\\\/#\\\/schema\\\/logo\\\/image\\\/\",\"url\":\"https:\\\/\\\/www.ledomainedelatour.eu\\\/wp-content\\\/uploads\\\/2024\\\/10\\\/logo-domaine-de-la-tour-2.jpg\",\"contentUrl\":\"https:\\\/\\\/www.ledomainedelatour.eu\\\/wp-content\\\/uploads\\\/2024\\\/10\\\/logo-domaine-de-la-tour-2.jpg\",\"width\":430,\"height\":220,\"caption\":\"Le Domaine de la Tour\"},\"image\":{\"@id\":\"https:\\\/\\\/www.ledomainedelatour.eu\\\/en\\\/#\\\/schema\\\/logo\\\/image\\\/\"}}]}<\/script>\n<!-- \/ Yoast SEO plugin. -->","yoast_head_json":{"title":"Bourgogne Aligot\u00e9 - Le Domaine de la Tour","robots":{"index":"index","follow":"follow","max-snippet":"max-snippet:-1","max-image-preview":"max-image-preview:large","max-video-preview":"max-video-preview:-1"},"canonical":"https:\/\/www.ledomainedelatour.eu\/en\/bourgogne-aligote\/","og_locale":"en_US","og_type":"article","og_title":"Bourgogne Aligot\u00e9 - Le Domaine de la Tour","og_description":"Domaine de la Tour wine BOURGOGNE ALIGOT\u00c9 PRODUCTION Village: ChitryGrape variety: Aligot\u00e9Situation \/ soil type: Marly limestones dating from the Kimmeridgian. Productive area: 1.39 ha VINIFICATION 100% in temperature-controlled vats Alcoholic fermentation with selected yeasts. Malolactic fermentation. Vat-ageing Cold treatment for tartaric precipitation. SERVING SUGGESTIONS Ideal drinking temperature 12\u00b0-13\u00b0C. Excellent for drinking when young. Enjoy ...","og_url":"https:\/\/www.ledomainedelatour.eu\/en\/bourgogne-aligote\/","og_site_name":"Le Domaine de la Tour","article_modified_time":"2024-11-05T08:03:12+00:00","og_image":[{"width":450,"height":800,"url":"https:\/\/www.ledomainedelatour.eu\/wp-content\/uploads\/2024\/10\/01-Bourgogne-Aligote-2018-rotated-e1603350488832.jpg","type":"image\/jpeg"}],"twitter_card":"summary_large_image","twitter_misc":{"Est. reading time":"1 minute"},"schema":{"@context":"https:\/\/schema.org","@graph":[{"@type":"WebPage","@id":"https:\/\/www.ledomainedelatour.eu\/en\/bourgogne-aligote\/","url":"https:\/\/www.ledomainedelatour.eu\/en\/bourgogne-aligote\/","name":"Bourgogne Aligot\u00e9 - Le Domaine de la Tour","isPartOf":{"@id":"https:\/\/www.ledomainedelatour.eu\/en\/#website"},"primaryImageOfPage":{"@id":"https:\/\/www.ledomainedelatour.eu\/en\/bourgogne-aligote\/#primaryimage"},"image":{"@id":"https:\/\/www.ledomainedelatour.eu\/en\/bourgogne-aligote\/#primaryimage"},"thumbnailUrl":"https:\/\/www.ledomainedelatour.eu\/wp-content\/uploads\/2024\/10\/01-Bourgogne-Aligote-2018-rotated-e1603350488832.jpg","datePublished":"2024-10-25T13:15:07+00:00","dateModified":"2024-11-05T08:03:12+00:00","breadcrumb":{"@id":"https:\/\/www.ledomainedelatour.eu\/en\/bourgogne-aligote\/#breadcrumb"},"inLanguage":"en-US","potentialAction":[{"@type":"ReadAction","target":["https:\/\/www.ledomainedelatour.eu\/en\/bourgogne-aligote\/"]}]},{"@type":"ImageObject","inLanguage":"en-US","@id":"https:\/\/www.ledomainedelatour.eu\/en\/bourgogne-aligote\/#primaryimage","url":"https:\/\/www.ledomainedelatour.eu\/wp-content\/uploads\/2024\/10\/01-Bourgogne-Aligote-2018-rotated-e1603350488832.jpg","contentUrl":"https:\/\/www.ledomainedelatour.eu\/wp-content\/uploads\/2024\/10\/01-Bourgogne-Aligote-2018-rotated-e1603350488832.jpg"},{"@type":"BreadcrumbList","@id":"https:\/\/www.ledomainedelatour.eu\/en\/bourgogne-aligote\/#breadcrumb","itemListElement":[{"@type":"ListItem","position":1,"name":"Accueil","item":"https:\/\/www.ledomainedelatour.eu\/en\/"},{"@type":"ListItem","position":2,"name":"Bourgogne Aligot\u00e9"}]},{"@type":"WebSite","@id":"https:\/\/www.ledomainedelatour.eu\/en\/#website","url":"https:\/\/www.ledomainedelatour.eu\/en\/","name":"Le Domaine de la Tour | Grands vins de Chablis","description":"Grands Vins de Chablis","publisher":{"@id":"https:\/\/www.ledomainedelatour.eu\/en\/#organization"},"potentialAction":[{"@type":"SearchAction","target":{"@type":"EntryPoint","urlTemplate":"https:\/\/www.ledomainedelatour.eu\/en\/?s={search_term_string}"},"query-input":{"@type":"PropertyValueSpecification","valueRequired":true,"valueName":"search_term_string"}}],"inLanguage":"en-US"},{"@type":"Organization","@id":"https:\/\/www.ledomainedelatour.eu\/en\/#organization","name":"Le Domaine de la Tour","url":"https:\/\/www.ledomainedelatour.eu\/en\/","logo":{"@type":"ImageObject","inLanguage":"en-US","@id":"https:\/\/www.ledomainedelatour.eu\/en\/#\/schema\/logo\/image\/","url":"https:\/\/www.ledomainedelatour.eu\/wp-content\/uploads\/2024\/10\/logo-domaine-de-la-tour-2.jpg","contentUrl":"https:\/\/www.ledomainedelatour.eu\/wp-content\/uploads\/2024\/10\/logo-domaine-de-la-tour-2.jpg","width":430,"height":220,"caption":"Le Domaine de la Tour"},"image":{"@id":"https:\/\/www.ledomainedelatour.eu\/en\/#\/schema\/logo\/image\/"}}]}},"_links":{"self":[{"href":"https:\/\/www.ledomainedelatour.eu\/en\/wp-json\/wp\/v2\/pages\/29434","targetHints":{"allow":["GET"]}}],"collection":[{"href":"https:\/\/www.ledomainedelatour.eu\/en\/wp-json\/wp\/v2\/pages"}],"about":[{"href":"https:\/\/www.ledomainedelatour.eu\/en\/wp-json\/wp\/v2\/types\/page"}],"author":[{"embeddable":true,"href":"https:\/\/www.ledomainedelatour.eu\/en\/wp-json\/wp\/v2\/users\/1"}],"replies":[{"embeddable":true,"href":"https:\/\/www.ledomainedelatour.eu\/en\/wp-json\/wp\/v2\/comments?post=29434"}],"version-history":[{"count":2,"href":"https:\/\/www.ledomainedelatour.eu\/en\/wp-json\/wp\/v2\/pages\/29434\/revisions"}],"predecessor-version":[{"id":29817,"href":"https:\/\/www.ledomainedelatour.eu\/en\/wp-json\/wp\/v2\/pages\/29434\/revisions\/29817"}],"wp:attachment":[{"href":"https:\/\/www.ledomainedelatour.eu\/en\/wp-json\/wp\/v2\/media?parent=29434"}],"curies":[{"name":"wp","href":"https:\/\/api.w.org\/{rel}","templated":true}]}}